{"id":1072,"date":"2022-09-25T03:15:11","date_gmt":"2022-09-25T03:15:11","guid":{"rendered":"http:\/\/cascajaleneltiempo.com\/?page_id=1072"},"modified":"2022-10-11T05:21:22","modified_gmt":"2022-10-11T05:21:22","slug":"creditos-y-agradecimientos","status":"publish","type":"page","link":"https:\/\/cascajaleneltiempo.com\/index.php\/creditos-y-agradecimientos\/","title":{"rendered":"Cr\u00e9ditos y Agradecimientos"},"content":{"rendered":"\t\t<div data-elementor-type=\"wp-page\" data-elementor-id=\"1072\" class=\"elementor elementor-1072\">\n\t\t\t\t\t\t\t\t\t<section class=\"elementor-section elementor-top-section elementor-element elementor-element-13b078d elementor-section-full_width elementor-section-height-default elementor-section-height-default\" data-id=\"13b078d\" data-element_type=\"section\">\n\t\t\t\t\t\t<div class=\"elementor-container elementor-column-gap-no\">\n\t\t\t\t\t<div class=\"elementor-column elementor-col-100 elementor-top-column elementor-element elementor-element-09bb319\" data-id=\"09bb319\" data-element_type=\"column\">\n\t\t\t<div class=\"elementor-widget-wrap elementor-element-populated\">\n\t\t\t\t\t\t\t\t<div class=\"elementor-element elementor-element-84d965f elementor-widget elementor-widget-slider_revolution\" data-id=\"84d965f\" data-element_type=\"widget\" data-widget_type=\"slider_revolution.default\">\n\t\t\t\t<div class=\"elementor-widget-container\">\n\t\t\t\r\n\t\t<div class=\"wp-block-themepunch-revslider\">\n\t\t\t<!-- START Ttitulomomento3 1 REVOLUTION SLIDER 6.4.11 --><p class=\"rs-p-wp-fix\"><\/p>\n\t\t\t<rs-module-wrap id=\"rev_slider_122_1_wrapper\" data-source=\"gallery\" style=\"background:#424242;padding:0;\">\n\t\t\t\t<rs-module id=\"rev_slider_122_1\" style=\"\" data-version=\"6.4.11\">\n\t\t\t\t\t<rs-slides>\n\t\t\t\t\t\t<rs-slide data-key=\"rs-343\" data-title=\"Intro\" data-in=\"o:0;\" data-out=\"a:false;\">\n\t\t\t\t\t\t\t<img loading=\"lazy\" decoding=\"async\" src=\"\/\/cascajaleneltiempo.com\/wp-content\/plugins\/revslider\/public\/assets\/assets\/dummy.png\" title=\"vlcsnap-2022-09-25-07h41m29s955\" width=\"1280\" height=\"720\" class=\"rev-slidebg tp-rs-img rs-lazyload\" data-lazyload=\"\/\/cascajaleneltiempo.com\/wp-content\/uploads\/2022\/09\/vlcsnap-2022-09-25-07h41m29s955.png\" data-parallax=\"5\" data-no-retina>\n\t\t\t\t\t\t\t<rs-bgvideo \n\t\t\t\t\t\t\t\tdata-video=\"sp:0.50;vc:none;w:100%;h:100%;sta:00:06;end:01:40;nse:false;sat:true;l:loop;ptimer:true;\"\n\t\t\t\t\t\t\t\tdata-ytid=\"7tX1e7ymMlI\"\n\t\t\t\t\t\t\t\tdata-vatr=\"version=3&amp;enablejsapi=1&amp;html5=1&amp;hd=1&amp;wmode=opaque&amp;showinfo=0&amp;rel=0&amp;origin=https:\/\/cascajaleneltiempo.com;\"\n\t\t\t\t\t\t\t><\/rs-bgvideo>\n<!--\n\t\t\t\t\t\t\t--><rs-layer\n\t\t\t\t\t\t\t\tid=\"slider-122-slide-343-layer-5\" \n\t\t\t\t\t\t\t\tdata-type=\"text\"\n\t\t\t\t\t\t\t\tdata-color=\"#000000\"\n\t\t\t\t\t\t\t\tdata-rsp_ch=\"on\"\n\t\t\t\t\t\t\t\tdata-xy=\"x:c;xo:-196px,346px,346px,0;y:m;yo:-79px,-96px,-96px,-92px;\"\n\t\t\t\t\t\t\t\tdata-text=\"w:normal;s:95,78,78,55;l:111,91,91,62;ls:-2,-1,-1,0;\"\n\t\t\t\t\t\t\t\tdata-dim=\"w:336px,277px,277px,205px;minh:0,none,0,none;\"\n\t\t\t\t\t\t\t\tdata-basealign=\"slide\"\n\t\t\t\t\t\t\t\tdata-frame_0=\"y:-100%;\"\n\t\t\t\t\t\t\t\tdata-frame_0_mask=\"u:t;\"\n\t\t\t\t\t\t\t\tdata-frame_1=\"st:130;sp:2220;sR:130;\"\n\t\t\t\t\t\t\t\tdata-frame_1_mask=\"u:t;\"\n\t\t\t\t\t\t\t\tdata-frame_999=\"o:0;st:w;sR:6650;\"\n\t\t\t\t\t\t\t\tstyle=\"z-index:11;font-family:IM Fell Great Primer;\"\n\t\t\t\t\t\t\t>Cr\u00e9ditos<br \/>\n \n\t\t\t\t\t\t\t<\/rs-layer><!--\n\n\t\t\t\t\t\t\t--><rs-layer\n\t\t\t\t\t\t\t\tid=\"slider-122-slide-343-layer-9\" \n\t\t\t\t\t\t\t\tdata-type=\"text\"\n\t\t\t\t\t\t\t\tdata-color=\"#000000\"\n\t\t\t\t\t\t\t\tdata-rsp_ch=\"on\"\n\t\t\t\t\t\t\t\tdata-xy=\"x:c;xo:-195px,448px,448px,0;y:m;yo:-16px,-34px,-34px,-37px;\"\n\t\t\t\t\t\t\t\tdata-text=\"w:normal;s:70,57,57,57;l:82,67,67,61;ls:-1,0,-1,0;\"\n\t\t\t\t\t\t\t\tdata-dim=\"w:40px,33px,33px,50px;minh:0,none,0,none;\"\n\t\t\t\t\t\t\t\tdata-basealign=\"slide\"\n\t\t\t\t\t\t\t\tdata-frame_0=\"y:-100%;\"\n\t\t\t\t\t\t\t\tdata-frame_0_mask=\"u:t;\"\n\t\t\t\t\t\t\t\tdata-frame_1=\"st:770;sp:1880;sR:770;\"\n\t\t\t\t\t\t\t\tdata-frame_1_mask=\"u:t;\"\n\t\t\t\t\t\t\t\tdata-frame_999=\"o:0;st:w;sR:6350;\"\n\t\t\t\t\t\t\t\tstyle=\"z-index:10;font-family:IM Fell Great Primer;\"\n\t\t\t\t\t\t\t>y \n\t\t\t\t\t\t\t<\/rs-layer><!--\n\n\t\t\t\t\t\t\t--><rs-layer\n\t\t\t\t\t\t\t\tid=\"slider-122-slide-343-layer-10\" \n\t\t\t\t\t\t\t\tclass=\"tp-shape tp-shapewrapper\"\n\t\t\t\t\t\t\t\tdata-type=\"shape\"\n\t\t\t\t\t\t\t\tdata-xy=\"x:c;y:m;\"\n\t\t\t\t\t\t\t\tdata-text=\"fw:800;\"\n\t\t\t\t\t\t\t\tdata-dim=\"w:100%;h:100%;\"\n\t\t\t\t\t\t\t\tdata-basealign=\"slide\"\n\t\t\t\t\t\t\t\tdata-rsp_bd=\"off\"\n\t\t\t\t\t\t\t\tdata-frame_1=\"sp:3040;\"\n\t\t\t\t\t\t\t\tdata-frame_999=\"e:nothing;st:w;sR:5960;\"\n\t\t\t\t\t\t\t\tstyle=\"z-index:5;background-color:rgba(0,0,0,0.25);\"\n\t\t\t\t\t\t\t> \n\t\t\t\t\t\t\t<\/rs-layer><!--\n\n\t\t\t\t\t\t\t--><rs-layer\n\t\t\t\t\t\t\t\tid=\"slider-122-slide-343-layer-11\" \n\t\t\t\t\t\t\t\tdata-type=\"text\"\n\t\t\t\t\t\t\t\tdata-color=\"#000000\"\n\t\t\t\t\t\t\t\tdata-rsp_ch=\"on\"\n\t\t\t\t\t\t\t\tdata-xy=\"x:c;xo:108px,470px,470px,0;y:m;yo:37px,4px,4px,41px;\"\n\t\t\t\t\t\t\t\tdata-text=\"w:normal;s:93,76,76,55;l:109,90,90,41;ls:-2,-1,-1,0;\"\n\t\t\t\t\t\t\t\tdata-dim=\"w:628px,518px,518px,388px;h:auto,auto,auto,59px;minh:0,none,0,none;\"\n\t\t\t\t\t\t\t\tdata-basealign=\"slide\"\n\t\t\t\t\t\t\t\tdata-frame_0=\"y:-100%;\"\n\t\t\t\t\t\t\t\tdata-frame_0_mask=\"u:t;\"\n\t\t\t\t\t\t\t\tdata-frame_1=\"st:1300;sp:1700;sR:1300;\"\n\t\t\t\t\t\t\t\tdata-frame_1_mask=\"u:t;\"\n\t\t\t\t\t\t\t\tdata-frame_999=\"o:0;st:w;sR:6000;\"\n\t\t\t\t\t\t\t\tstyle=\"z-index:9;font-family:IM Fell Great Primer;\"\n\t\t\t\t\t\t\t>Agradecimientos \n\t\t\t\t\t\t\t<\/rs-layer><!--\n\n\t\t\t\t\t\t\t--><rs-layer\n\t\t\t\t\t\t\t\tid=\"slider-122-slide-343-layer-12\" \n\t\t\t\t\t\t\t\tdata-type=\"image\"\n\t\t\t\t\t\t\t\tdata-rsp_ch=\"on\"\n\t\t\t\t\t\t\t\tdata-xy=\"x:c;y:b;yo:-48px,-54px,-54px,-25px;\"\n\t\t\t\t\t\t\t\tdata-text=\"w:normal;s:20,16,16,7;l:0,20,20,9;\"\n\t\t\t\t\t\t\t\tdata-dim=\"w:['100%','100%','100%','100%'];\"\n\t\t\t\t\t\t\t\tdata-basealign=\"slide\"\n\t\t\t\t\t\t\t\tdata-frame_1=\"sp:590;\"\n\t\t\t\t\t\t\t\tdata-frame_999=\"o:0;st:w;sR:8410;\"\n\t\t\t\t\t\t\t\tstyle=\"z-index:12;\"\n\t\t\t\t\t\t\t><img loading=\"lazy\" decoding=\"async\" src=\"\/\/cascajaleneltiempo.com\/wp-content\/plugins\/revslider\/public\/assets\/assets\/dummy.png\" class=\"tp-rs-img rs-lazyload\" width=\"1328\" height=\"109\" data-lazyload=\"\/\/cascajaleneltiempo.com\/wp-content\/uploads\/2022\/09\/rasgado-blanco.png\" data-c=\"fullwidth\" data-no-retina> \n\t\t\t\t\t\t\t<\/rs-layer><!--\n-->\t\t\t\t\t\t<\/rs-slide>\n\t\t\t\t\t<\/rs-slides>\n\t\t\t\t<\/rs-module>\n\t\t\t\t<script type=\"text\/javascript\">\n\t\t\t\t\tsetREVStartSize({c: 'rev_slider_122_1',rl:[1400,1240,1240,480],el:[600,768,768,720],gw:[1240,1024,1024,480],gh:[600,768,768,720],type:'hero',justify:'',layout:'fullscreen',offsetContainer:'',offset:'',mh:\"0\"});\n\t\t\t\t\tvar\trevapi122,\n\t\t\t\t\t\ttpj;\n\t\t\t\t\tfunction revinit_revslider1221() {\n\t\t\t\t\tjQuery(function() {\n\t\t\t\t\t\ttpj = jQuery;\n\t\t\t\t\t\trevapi122 = tpj(\"#rev_slider_122_1\");\n\t\t\t\t\t\tif(revapi122==undefined || revapi122.revolution == undefined){\n\t\t\t\t\t\t\trevslider_showDoubleJqueryError(\"rev_slider_122_1\");\n\t\t\t\t\t\t}else{\n\t\t\t\t\t\t\trevapi122.revolution({\n\t\t\t\t\t\t\t\tsliderType:\"hero\",\n\t\t\t\t\t\t\t\tDPR:\"dpr\",\n\t\t\t\t\t\t\t\tsliderLayout:\"fullscreen\",\n\t\t\t\t\t\t\t\tvisibilityLevels:\"1400,1240,1240,480\",\n\t\t\t\t\t\t\t\tgridwidth:\"1240,1024,1024,480\",\n\t\t\t\t\t\t\t\tgridheight:\"600,768,768,720\",\n\t\t\t\t\t\t\t\tlazyType:\"smart\",\n\t\t\t\t\t\t\t\tspinner:\"spinner3\",\n\t\t\t\t\t\t\t\tperspective:600,\n\t\t\t\t\t\t\t\tperspectiveType:\"global\",\n\t\t\t\t\t\t\t\teditorheight:\"600,768,960,720\",\n\t\t\t\t\t\t\t\tresponsiveLevels:\"1400,1240,1240,480\",\n\t\t\t\t\t\t\t\tprogressBar:{disableProgressBar:true},\n\t\t\t\t\t\t\t\tnavigation: {\n\t\t\t\t\t\t\t\t\tonHoverStop:false\n\t\t\t\t\t\t\t\t},\n\t\t\t\t\t\t\t\tparallax: {\n\t\t\t\t\t\t\t\t\tlevels:[5,10,15,20,25,30,35,40,45,46,47,48,49,50,51,30],\n\t\t\t\t\t\t\t\t\ttype:\"scroll\",\n\t\t\t\t\t\t\t\t\torigo:\"slidercenter\",\n\t\t\t\t\t\t\t\t\tspeed:0,\n\t\t\t\t\t\t\t\t\tspeedls:\"1000ms\"\n\t\t\t\t\t\t\t\t},\n\t\t\t\t\t\t\t\tscrolleffect: {\n\t\t\t\t\t\t\t\t\tset:true,\n\t\t\t\t\t\t\t\t\tmultiplicator:1.3,\n\t\t\t\t\t\t\t\t\tmultiplicator_layers:1.3\n\t\t\t\t\t\t\t\t},\n\t\t\t\t\t\t\t\tfallbacks: {\n\t\t\t\t\t\t\t\t\tallowHTML5AutoPlayOnAndroid:true\n\t\t\t\t\t\t\t\t},\n\t\t\t\t\t\t\t});\n\t\t\t\t\t\t}\n\t\t\t\t\t\t\n\t\t\t\t\t});\n\t\t\t\t\t} \/\/ End of RevInitScript\n\t\t\t\tvar once_revslider1221 = false;\n\t\t\t\tif (document.readyState === \"loading\") {document.addEventListener('readystatechange',function() { if((document.readyState === \"interactive\" || document.readyState === \"complete\") && !once_revslider1221 ) { once_revslider1221 = true; revinit_revslider1221();}});} else {once_revslider1221 = true; revinit_revslider1221();}\n\t\t\t\t<\/script>\n\t\t\t\t<script>\n\t\t\t\t\tvar htmlDivCss = unescape(\"%23rev_slider_122_1_wrapper%20rs-loader.spinner3%20div%20%7B%20background-color%3A%20%23ffffff%20%21important%3B%20%7D\");\n\t\t\t\t\tvar htmlDiv = document.getElementById('rs-plugin-settings-inline-css');\n\t\t\t\t\tif(htmlDiv) {\n\t\t\t\t\t\thtmlDiv.innerHTML = htmlDiv.innerHTML + htmlDivCss;\n\t\t\t\t\t}else{\n\t\t\t\t\t\tvar htmlDiv = document.createElement('div');\n\t\t\t\t\t\thtmlDiv.innerHTML = '<style>' + htmlDivCss + '<\/style>';\n\t\t\t\t\t\tdocument.getElementsByTagName('head')[0].appendChild(htmlDiv.childNodes[0]);\n\t\t\t\t\t}\n\t\t\t\t<\/script>\n\t\t\t<\/rs-module-wrap>\n\t\t\t<!-- END REVOLUTION SLIDER -->\n<\/div>\r\n\r\n\t\t\t\t<\/div>\n\t\t\t\t<\/div>\n\t\t\t\t\t<\/div>\n\t\t<\/div>\n\t\t\t\t\t\t\t<\/div>\n\t\t<\/section>\n\t\t\t\t<section class=\"elementor-section elementor-top-section elementor-element elementor-element-38a8f2a elementor-section-boxed elementor-section-height-default elementor-section-height-default\" data-id=\"38a8f2a\" data-element_type=\"section\">\n\t\t\t\t\t\t<div class=\"elementor-container elementor-column-gap-default\">\n\t\t\t\t\t<div class=\"elementor-column elementor-col-16 elementor-top-column elementor-element elementor-element-f6232ba\" data-id=\"f6232ba\" data-element_type=\"column\">\n\t\t\t<div class=\"elementor-widget-wrap\">\n\t\t\t\t\t\t\t\t\t<\/div>\n\t\t<\/div>\n\t\t\t\t<div class=\"elementor-column elementor-col-66 elementor-top-column elementor-element elementor-element-3797bd7\" data-id=\"3797bd7\" data-element_type=\"column\">\n\t\t\t<div class=\"elementor-widget-wrap elementor-element-populated\">\n\t\t\t\t\t\t\t\t<div class=\"elementor-element elementor-element-d9b4731 elementor-widget elementor-widget-spacer\" data-id=\"d9b4731\" data-element_type=\"widget\" data-widget_type=\"spacer.default\">\n\t\t\t\t<div class=\"elementor-widget-container\">\n\t\t\t<style>\/*! elementor - v3.7.1 - 14-08-2022 *\/\n.elementor-column .elementor-spacer-inner{height:var(--spacer-size)}.e-container{--container-widget-width:100%}.e-container>.elementor-widget-spacer{width:var(--container-widget-width,var(--spacer-size));-ms-flex-item-align:stretch;align-self:stretch;-ms-flex-negative:0;flex-shrink:0}.e-container>.elementor-widget-spacer>.elementor-widget-container,.e-container>.elementor-widget-spacer>.elementor-widget-container>.elementor-spacer{height:100%}.e-container>.elementor-widget-spacer>.elementor-widget-container>.elementor-spacer>.elementor-spacer-inner{height:var(--container-widget-height,var(--spacer-size))}<\/style>\t\t<div class=\"elementor-spacer\">\n\t\t\t<div class=\"elementor-spacer-inner\"><\/div>\n\t\t<\/div>\n\t\t\t\t<\/div>\n\t\t\t\t<\/div>\n\t\t\t\t<div class=\"elementor-element elementor-element-d911e6b elementor-widget elementor-widget-text-editor\" data-id=\"d911e6b\" data-element_type=\"widget\" data-widget_type=\"text-editor.default\">\n\t\t\t\t<div class=\"elementor-widget-container\">\n\t\t\t<style>\/*! elementor - v3.7.1 - 14-08-2022 *\/\n.elementor-widget-text-editor.elementor-drop-cap-view-stacked .elementor-drop-cap{background-color:#818a91;color:#fff}.elementor-widget-text-editor.elementor-drop-cap-view-framed .elementor-drop-cap{color:#818a91;border:3px solid;background-color:transparent}.elementor-widget-text-editor:not(.elementor-drop-cap-view-default) .elementor-drop-cap{margin-top:8px}.elementor-widget-text-editor:not(.elementor-drop-cap-view-default) .elementor-drop-cap-letter{width:1em;height:1em}.elementor-widget-text-editor .elementor-drop-cap{float:left;text-align:center;line-height:1;font-size:50px}.elementor-widget-text-editor .elementor-drop-cap-letter{display:inline-block}<\/style>\t\t\t\t<p><b>Realizadores:<\/b><\/p>\n<p><span style=\"font-weight: 400;\">Valeria Caicedo Valencia<\/span><\/p>\n<p><span style=\"font-weight: 400;\">Johan Alexis Valencia Delgado<\/span><\/p>\n<p><b style=\"font-style: inherit;\">Agradecimientos:&nbsp;<\/b><\/p>\n<p><span style=\"font-weight: 400;\">Comunidad de Cascajal&nbsp;<\/span><\/p>\n<p><span style=\"font-weight: 400;\">Consejo comunitario Dos Aguas de Cascajal.<\/span><\/p>\n<p><span style=\"font-weight: 400;\">Hogar Juvenil Campesino de Hormiguero&nbsp;&nbsp;<\/span><\/p>\n<p><span style=\"font-weight: 400;\">Mar\u00eda Fernanda Caicedo&nbsp;<\/span><\/p>\n<p><span style=\"font-weight: 400;\">Santiago Arrechea&nbsp;<\/span><\/p>\n<p><span style=\"font-weight: 400;\">Deyanira Valencia&nbsp;<\/span><\/p>\n<p><span style=\"font-weight: 400;\">Luc\u00eda Mina<\/span><\/p>\n<p><span style=\"font-weight: 400;\">Juli\u00e1n Gonzalez<\/span><\/p>\n<p><span style=\"font-weight: 400;\">Jorge Caicedo (q.e.p.d)<\/span><\/p>\n<p><span style=\"font-weight: 400;\">Cristian Felipe Lizarralde<\/span><\/p>\n<p><span style=\"font-weight: 400;\">Alex Tinoco<\/span><\/p>\n<p><span style=\"font-weight: 400;\">Ang\u00e9lica Rodas<\/span><\/p>\n<p>Lina Marcela Ortiz<span style=\"font-weight: 400;\"><br><\/span><\/p>\n<p><span style=\"font-weight: 400;\">&nbsp;<\/span><\/p>\n<p><b>Material de Archivo:<\/b><\/p>\n<p><span style=\"font-weight: 400;\">Archivo fotogr\u00e1fico del padre Gustave De Pagie<\/span><\/p>\n<p><span style=\"font-weight: 400;\">Archivo fotogr\u00e1fico del Hogar Juvenil Campesino<\/span><\/p>\n<p><span style=\"font-weight: 400;\">Archivo fotogr\u00e1fico del Consejo Comunitario de las Dos Aguas de Cascajal<\/span><\/p>\n<p><span style=\"font-weight: 400;\">&nbsp;<\/span><\/p>\n<p><b>Entrevistados:<\/b><\/p>\n<p><span style=\"font-weight: 400;\">Buenaventura Valor (q.e.p.d)<\/span><\/p>\n<p><span style=\"font-weight: 400;\">Gilberto Rodr\u00edguez<\/span><\/p>\n<p><span style=\"font-weight: 400;\">Carmen Elisa Caicedo&nbsp;<\/span><\/p>\n<p><span style=\"font-weight: 400;\">Eduvina Caicedo<\/span><\/p>\n<p><span style=\"font-weight: 400;\">Lilia Mina Rosero<\/span><\/p>\n<p><span style=\"font-weight: 400;\">Miriam de Henao&nbsp;<\/span><\/p>\n<p><span style=\"font-weight: 400;\">Matilde Clavijo&nbsp;<\/span><\/p>\n<p><span style=\"font-weight: 400;\">Luz Mar\u00eda Balanta<\/span><\/p>\n<p><span style=\"font-weight: 400;\">Hector Vicente Guerrero<\/span><\/p>\n<p><span style=\"font-weight: 400;\">Cristina Caicedo&nbsp;<\/span><\/p>\n<p><span style=\"font-weight: 400;\">Rosario Sol\u00eds<\/span><\/p>\n<p><span style=\"font-weight: 400;\">Juli\u00e1n Quiceno<\/span><\/p>\n<p><span style=\"font-weight: 400;\">Santiago Arrechea&nbsp;<\/span><\/p>\n<p><span style=\"font-weight: 400;\">Luz \u00c1ngela Valencia&nbsp;<\/span><\/p>\n<p><span style=\"font-weight: 400;\">&nbsp;<\/span><\/p>\n<p><strong>Realizaci\u00f3n de piezas:<\/strong><\/p>\n<p><span style=\"font-weight: 400;\">Ilustraciones realizadas por Mitchell Morales y&nbsp;<\/span>Johan Alexis Valencia<\/p>\n<p><span style=\"font-weight: 400;\">Fotograf\u00edas tomadas por Valeria Caicedo Valencia&nbsp;<\/span><\/p>\n<p><span style=\"font-weight: 400;\">Paisaje sonoro realizado por Alexis Valencia&nbsp;<\/span><\/p>\n<p><span style=\"font-weight: 400;\">Montaje Audiovisual realizado por Valeria Caicedo Valencia y Alexis Valencia<\/span><\/p>\n<p><span style=\"font-weight: 400;\">Montaje Sonoro realizado por Valeria Caicedo Valencia<\/span><\/p>\n<p><span style=\"font-weight: 400;\">Dise\u00f1o y diagramaci\u00f3n Web por Lizeth Betancourth<\/span><\/p>\t\t\t\t\t\t<\/div>\n\t\t\t\t<\/div>\n\t\t\t\t<div class=\"elementor-element elementor-element-d6b0450 elementor-widget elementor-widget-spacer\" data-id=\"d6b0450\" data-element_type=\"widget\" data-widget_type=\"spacer.default\">\n\t\t\t\t<div class=\"elementor-widget-container\">\n\t\t\t\t\t<div class=\"elementor-spacer\">\n\t\t\t<div class=\"elementor-spacer-inner\"><\/div>\n\t\t<\/div>\n\t\t\t\t<\/div>\n\t\t\t\t<\/div>\n\t\t\t\t<div class=\"elementor-element elementor-element-fccbf1e elementor-widget elementor-widget-text-editor\" data-id=\"fccbf1e\" data-element_type=\"widget\" data-widget_type=\"text-editor.default\">\n\t\t\t\t<div class=\"elementor-widget-container\">\n\t\t\t\t\t\t\t<p>La redacci\u00f3n de los textos contenidos en el segmento titulado G\u00e9nesis de esta p\u00e1gina web se hizo con base a los trabajos realizados con anterioridad por Carlos Armando Rodr\u00edguez, Director del Museo Julio C\u00e9sar Cubillos de la Universidad del Valle; Germ\u00e1n Colmenares, Historiador; Jorge Alberto Galindo, Arquitecto, y a la novela el Alf\u00e9rez Real de Eustaquio Palacios. Por otro parte, los textos contenidos en los segmentos titulados En Colectividad y Voces del Presente fueron realizados a partir de la informaci\u00f3n contenida en el documento \u00abHistoria de la comunidad negra asentada en la vereda Cascajal\u00bb (2014) y a las investigaciones realizadas por Valeria Caicedo y Alexis Valencia en el marco del presente trabajo de grado.<\/p><p>As\u00ed mismo, la distribuci\u00f3n cronol\u00f3gica de este proyecto fue realizada a partir del documento \u00abHistoria de la comunidad negra asentada en la vereda Cascajal\u00bb, realizado por la comunidad de Cascajal en el 2014, propiedad del consejo comunitario de las Dos Aguas de Cascajal. Gracias a esta informaci\u00f3n fue posible desarrollar una investigaci\u00f3n a profundidad, considerando hechos hist\u00f3ricos puntuales que han definido la identidad de la comunidad.<\/p><p>Este trabajo se realiza con fines acad\u00e9micos e investigativos para la obtenci\u00f3n del t\u00edtulo en Comunicaci\u00f3n Social y Periodismo.<\/p>\t\t\t\t\t\t<\/div>\n\t\t\t\t<\/div>\n\t\t\t\t<div class=\"elementor-element elementor-element-2913448 elementor-widget elementor-widget-image\" data-id=\"2913448\" data-element_type=\"widget\" data-widget_type=\"image.default\">\n\t\t\t\t<div class=\"elementor-widget-container\">\n\t\t\t<style>\/*! elementor - v3.7.1 - 14-08-2022 *\/\n.elementor-widget-image{text-align:center}.elementor-widget-image a{display:inline-block}.elementor-widget-image a img[src$=\".svg\"]{width:48px}.elementor-widget-image img{vertical-align:middle;display:inline-block}<\/style>\t\t\t\t\t\t\t\t\t\t\t\t<img decoding=\"async\" src=\"https:\/\/cascajaleneltiempo.com\/wp-content\/uploads\/2022\/09\/logo-escuela.jpg\" title=\"logo escuela\" alt=\"logo escuela\" \/>\t\t\t\t\t\t\t\t\t\t\t\t\t\t\t<\/div>\n\t\t\t\t<\/div>\n\t\t\t\t<div class=\"elementor-element elementor-element-f31aac2 elementor-widget elementor-widget-spacer\" data-id=\"f31aac2\" data-element_type=\"widget\" data-widget_type=\"spacer.default\">\n\t\t\t\t<div class=\"elementor-widget-container\">\n\t\t\t\t\t<div class=\"elementor-spacer\">\n\t\t\t<div class=\"elementor-spacer-inner\"><\/div>\n\t\t<\/div>\n\t\t\t\t<\/div>\n\t\t\t\t<\/div>\n\t\t\t\t\t<\/div>\n\t\t<\/div>\n\t\t\t\t<div class=\"elementor-column elementor-col-16 elementor-top-column elementor-element elementor-element-01f7e02\" data-id=\"01f7e02\" data-element_type=\"column\">\n\t\t\t<div class=\"elementor-widget-wrap\">\n\t\t\t\t\t\t\t\t\t<\/div>\n\t\t<\/div>\n\t\t\t\t\t\t\t<\/div>\n\t\t<\/section>\n\t\t\t\t<section class=\"elementor-section elementor-top-section elementor-element elementor-element-c0b2397 elementor-section-boxed elementor-section-height-default elementor-section-height-default\" data-id=\"c0b2397\" data-element_type=\"section\">\n\t\t\t\t\t\t<div class=\"elementor-container elementor-column-gap-default\">\n\t\t\t\t\t<div class=\"elementor-column elementor-col-100 elementor-top-column elementor-element elementor-element-96ab1d7\" data-id=\"96ab1d7\" data-element_type=\"column\">\n\t\t\t<div class=\"elementor-widget-wrap elementor-element-populated\">\n\t\t\t\t\t\t\t\t<div class=\"elementor-element elementor-element-eaee36a elementor-widget__width-auto elementor-fixed elementor-nav-menu__text-align-aside elementor-nav-menu--toggle elementor-nav-menu--burger elementor-invisible elementor-widget elementor-widget-nav-menu\" data-id=\"eaee36a\" data-element_type=\"widget\" data-settings=\"{&quot;layout&quot;:&quot;dropdown&quot;,&quot;_position&quot;:&quot;fixed&quot;,&quot;sticky&quot;:&quot;top&quot;,&quot;_animation&quot;:&quot;fadeIn&quot;,&quot;_animation_delay&quot;:200,&quot;submenu_icon&quot;:{&quot;value&quot;:&quot;&lt;i class=\\&quot;fas fa-caret-down\\&quot;&gt;&lt;\\\/i&gt;&quot;,&quot;library&quot;:&quot;fa-solid&quot;},&quot;toggle&quot;:&quot;burger&quot;,&quot;sticky_on&quot;:[&quot;desktop&quot;,&quot;tablet&quot;,&quot;mobile&quot;],&quot;sticky_offset&quot;:0,&quot;sticky_effects_offset&quot;:0}\" data-widget_type=\"nav-menu.default\">\n\t\t\t\t<div class=\"elementor-widget-container\">\n\t\t\t<link rel=\"stylesheet\" href=\"http:\/\/cascajaleneltiempo.com\/wp-content\/plugins\/elementor-pro\/assets\/css\/widget-nav-menu.min.css\">\t\t<div class=\"elementor-menu-toggle\" role=\"button\" tabindex=\"0\" aria-label=\"Menu Toggle\" aria-expanded=\"false\">\n\t\t\t<i aria-hidden=\"true\" role=\"presentation\" class=\"eicon-menu-bar\"><\/i>\t\t\t<span class=\"elementor-screen-only\">Menu<\/span>\n\t\t<\/div>\n\t\t\t<nav class=\"elementor-nav-menu--dropdown elementor-nav-menu__container\" role=\"navigation\" aria-hidden=\"true\">\n\t\t\t\t<ul id=\"menu-2-eaee36a\" class=\"elementor-nav-menu\"><li class=\"menu-item menu-item-type-post_type menu-item-object-page menu-item-home menu-item-477\"><a href=\"https:\/\/cascajaleneltiempo.com\/\" class=\"elementor-item menu-link\" tabindex=\"-1\">G\u00e9nesis (1400-1915)<\/a><\/li>\n<li class=\"menu-item menu-item-type-post_type menu-item-object-page menu-item-94\"><a href=\"https:\/\/cascajaleneltiempo.com\/index.php\/colectividad\/\" class=\"elementor-item menu-link\" tabindex=\"-1\">En Colectividad (1915-1980)<\/a><\/li>\n<li class=\"menu-item menu-item-type-post_type menu-item-object-page menu-item-95\"><a href=\"https:\/\/cascajaleneltiempo.com\/index.php\/voces-presente\/\" class=\"elementor-item menu-link\" tabindex=\"-1\">Voces del presente (1980-2021)<\/a><\/li>\n<li class=\"menu-item menu-item-type-post_type menu-item-object-page menu-item-476\"><a href=\"https:\/\/cascajaleneltiempo.com\/index.php\/linea-de-tiempo\/\" class=\"elementor-item menu-link\" tabindex=\"-1\">Linea de Tiempo<\/a><\/li>\n<li class=\"menu-item menu-item-type-post_type menu-item-object-page menu-item-1113\"><a href=\"https:\/\/cascajaleneltiempo.com\/index.php\/creditos-y-agradecimientos\/\" class=\"elementor-item menu-link\" tabindex=\"-1\">Cr\u00e9ditos y Agradecimientos<\/a><\/li>\n<\/ul>\t\t\t<\/nav>\n\t\t\t\t<\/div>\n\t\t\t\t<\/div>\n\t\t\t\t\t<\/div>\n\t\t<\/div>\n\t\t\t\t\t\t\t<\/div>\n\t\t<\/section>\n\t\t\t\t\t\t\t<\/div>\n\t\t","protected":false},"excerpt":{"rendered":"<p>Realizadores: Valeria Caicedo Valencia Johan Alexis Valencia Delgado Agradecimientos:&nbsp; Comunidad de Cascajal&nbsp; Consejo comunitario Dos Aguas de Cascajal. Hogar Juvenil Campesino de Hormiguero&nbsp;&nbsp; Mar\u00eda Fernanda Caicedo&nbsp; Santiago Arrechea&nbsp; Deyanira Valencia&nbsp; Luc\u00eda Mina Juli\u00e1n Gonzalez Jorge Caicedo (q.e.p.d) Cristian Felipe Lizarralde Alex Tinoco Ang\u00e9lica Rodas Lina Marcela Ortiz &nbsp; Material de Archivo: Archivo fotogr\u00e1fico del padre &hellip;<\/p>\n<p class=\"read-more\"> <a class=\"\" href=\"https:\/\/cascajaleneltiempo.com\/index.php\/creditos-y-agradecimientos\/\"> <span class=\"screen-reader-text\">Cr\u00e9ditos y Agradecimientos<\/span> Leer m\u00e1s &raquo;<\/a><\/p>\n","protected":false},"author":1,"featured_media":0,"parent":0,"menu_order":0,"comment_status":"closed","ping_status":"closed","template":"..\/public\/views\/revslider-page-template.php","meta":{"site-sidebar-layout":"no-sidebar","site-content-layout":"page-builder","ast-global-header-display":"","ast-main-header-display":"","ast-hfb-above-header-display":"","ast-hfb-below-header-display":"","ast-hfb-mobile-header-display":"","site-post-title":"disabled","ast-breadcrumbs-content":"","ast-featured-img":"disabled","footer-sml-layout":"","theme-transparent-header-meta":"","adv-header-id-meta":"","stick-header-meta":"","header-above-stick-meta":"","header-main-stick-meta":"","header-below-stick-meta":"","footnotes":""},"_links":{"self":[{"href":"https:\/\/cascajaleneltiempo.com\/index.php\/wp-json\/wp\/v2\/pages\/1072"}],"collection":[{"href":"https:\/\/cascajaleneltiempo.com\/index.php\/wp-json\/wp\/v2\/pages"}],"about":[{"href":"https:\/\/cascajaleneltiempo.com\/index.php\/wp-json\/wp\/v2\/types\/page"}],"author":[{"embeddable":true,"href":"https:\/\/cascajaleneltiempo.com\/index.php\/wp-json\/wp\/v2\/users\/1"}],"replies":[{"embeddable":true,"href":"https:\/\/cascajaleneltiempo.com\/index.php\/wp-json\/wp\/v2\/comments?post=1072"}],"version-history":[{"count":58,"href":"https:\/\/cascajaleneltiempo.com\/index.php\/wp-json\/wp\/v2\/pages\/1072\/revisions"}],"predecessor-version":[{"id":1238,"href":"https:\/\/cascajaleneltiempo.com\/index.php\/wp-json\/wp\/v2\/pages\/1072\/revisions\/1238"}],"wp:attachment":[{"href":"https:\/\/cascajaleneltiempo.com\/index.php\/wp-json\/wp\/v2\/media?parent=1072"}],"curies":[{"name":"wp","href":"https:\/\/api.w.org\/{rel}","templated":true}]}}